{"id":2816,"date":"2019-05-03T14:07:04","date_gmt":"2019-05-03T18:07:04","guid":{"rendered":"https:\/\/quartiergreene.ca\/?page_id=2816"},"modified":"2025-02-13T22:29:35","modified_gmt":"2025-02-14T03:29:35","slug":"membres","status":"publish","type":"page","link":"https:\/\/quartiergreene.ca\/fr\/membres\/","title":{"rendered":"Membres"},"content":{"rendered":"<div class=\"wpb-content-wrapper\"><p>[vc_row][vc_column][vc_row_inner][vc_column_inner width=\u00a0\u00bb1\/3&Prime;][vc_column_text css=\u00a0\u00bb\u00a0\u00bb]Pour devenir membre, veuillez imprimer et remplir le <a href=\"https:\/\/quartiergreene.ca\/wp-content\/uploads\/2025\/02\/QuartierGreene-2025Formulaire-dinscriptionFR.pdf\">Formulaire d&rsquo;adh\u00e9sion \u00e0 l&rsquo;association des commer\u00e7ants du Quartier Greene 2025<\/a><\/p>\n<p>Merci de payer votre cotisation par ch\u00e8que \u00e0 l\u2019ordre de Greene Neighbourhood Merchants\u2019 Association et de retourner le formulaire rempli, accompagn\u00e9 du paiement \u00e0 l\u2019adresse suivante\u00a0:<\/p>\n<p><strong>Greene Neighbourhood Merchants\u2019 Association<br \/>\n1377 Greene Avenue<br \/>\nWestmount, QC<br \/>\nH3Z 2A9<\/strong>[\/vc_column_text][vc_empty_space height=\u00a0\u00bb30px\u00a0\u00bb][\/vc_column_inner][vc_column_inner width=\u00a0\u00bb2\/3&Prime;][vc_single_image image=\u00a0\u00bb4848&Prime; img_size=\u00a0\u00bbfull\u00a0\u00bb][\/vc_column_inner][\/vc_row_inner][vc_empty_space height=\u00a0\u00bb70px\u00a0\u00bb][\/vc_column][\/vc_row]<\/p>\n<\/div>","protected":false},"excerpt":{"rendered":"<p>[vc_row][vc_column][vc_row_inner][vc_column_inner width=\u00a0\u00bb1\/3&Prime;][vc_column_text css=\u00a0\u00bb\u00a0\u00bb]Pour devenir membre, veuillez imprimer et remplir le Formulaire d&rsquo;adh\u00e9sion \u00e0 l&rsquo;association des commer\u00e7ants du Quartier Greene 2025 Merci de payer votre cotisation par ch\u00e8que \u00e0 l\u2019ordre de Greene Neighbourhood Merchants\u2019 Association et de retourner le formulaire rempli, [&hellip;]<\/p>\n","protected":false},"author":1,"featured_media":3065,"parent":0,"menu_order":0,"comment_status":"closed","ping_status":"closed","template":"","meta":{"_acf_changed":false,"footnotes":""},"class_list":["post-2816","page","type-page","status-publish","has-post-thumbnail","hentry"],"acf":[],"yoast_head":"<!-- This site is optimized with the Yoast SEO plugin v23.4 - https:\/\/yoast.com\/wordpress\/plugins\/seo\/ -->\n<title>Membres - Quartier Greene<\/title>\n<meta name=\"robots\" content=\"index, follow, max-snippet:-1, max-image-preview:large, max-video-preview:-1\" \/>\n<link rel=\"canonical\" href=\"https:\/\/quartiergreene.ca\/fr\/membres\/\" \/>\n<meta property=\"og:locale\" content=\"fr_FR\" \/>\n<meta property=\"og:type\" content=\"article\" \/>\n<meta property=\"og:title\" content=\"Membres - Quartier Greene\" \/>\n<meta property=\"og:description\" content=\"[vc_row][vc_column][vc_row_inner][vc_column_inner width=\u00a0\u00bb1\/3&Prime;][vc_column_text css=\u00a0\u00bb\u00a0\u00bb]Pour devenir membre, veuillez imprimer et remplir le Formulaire d&rsquo;adh\u00e9sion \u00e0 l&rsquo;association des commer\u00e7ants du Quartier Greene 2025 Merci de payer votre cotisation par ch\u00e8que \u00e0 l\u2019ordre de Greene Neighbourhood Merchants\u2019 Association et de retourner le formulaire rempli, [&hellip;]\" \/>\n<meta property=\"og:url\" content=\"https:\/\/quartiergreene.ca\/fr\/membres\/\" \/>\n<meta property=\"og:site_name\" content=\"Quartier Greene\" \/>\n<meta property=\"article:publisher\" content=\"https:\/\/www.facebook.com\/Quartier-Greene-201511353217647\/\" \/>\n<meta property=\"article:modified_time\" content=\"2025-02-14T03:29:35+00:00\" \/>\n<meta name=\"twitter:card\" content=\"summary_large_image\" \/>\n<meta name=\"twitter:site\" content=\"@QuartierGreene\" \/>\n<meta name=\"twitter:label1\" content=\"Dur\u00e9e de lecture estim\u00e9e\" \/>\n\t<meta name=\"twitter:data1\" content=\"1 minute\" \/>\n<script type=\"application\/ld+json\" class=\"yoast-schema-graph\">{\"@context\":\"https:\/\/schema.org\",\"@graph\":[{\"@type\":\"WebPage\",\"@id\":\"https:\/\/quartiergreene.ca\/fr\/membres\/\",\"url\":\"https:\/\/quartiergreene.ca\/fr\/membres\/\",\"name\":\"Membres - Quartier Greene\",\"isPartOf\":{\"@id\":\"https:\/\/quartiergreene.ca\/fr\/#website\"},\"primaryImageOfPage\":{\"@id\":\"https:\/\/quartiergreene.ca\/fr\/membres\/#primaryimage\"},\"image\":{\"@id\":\"https:\/\/quartiergreene.ca\/fr\/membres\/#primaryimage\"},\"thumbnailUrl\":\"https:\/\/quartiergreene.ca\/wp-content\/uploads\/2019\/05\/placeholder-listing.svg\",\"datePublished\":\"2019-05-03T18:07:04+00:00\",\"dateModified\":\"2025-02-14T03:29:35+00:00\",\"breadcrumb\":{\"@id\":\"https:\/\/quartiergreene.ca\/fr\/membres\/#breadcrumb\"},\"inLanguage\":\"fr-FR\",\"potentialAction\":[{\"@type\":\"ReadAction\",\"target\":[\"https:\/\/quartiergreene.ca\/fr\/membres\/\"]}]},{\"@type\":\"ImageObject\",\"inLanguage\":\"fr-FR\",\"@id\":\"https:\/\/quartiergreene.ca\/fr\/membres\/#primaryimage\",\"url\":\"https:\/\/quartiergreene.ca\/wp-content\/uploads\/2019\/05\/placeholder-listing.svg\",\"contentUrl\":\"https:\/\/quartiergreene.ca\/wp-content\/uploads\/2019\/05\/placeholder-listing.svg\",\"width\":556,\"height\":372,\"caption\":\"Placeholder\"},{\"@type\":\"BreadcrumbList\",\"@id\":\"https:\/\/quartiergreene.ca\/fr\/membres\/#breadcrumb\",\"itemListElement\":[{\"@type\":\"ListItem\",\"position\":1,\"name\":\"Home\",\"item\":\"https:\/\/quartiergreene.ca\/fr\/\"},{\"@type\":\"ListItem\",\"position\":2,\"name\":\"Membres\"}]},{\"@type\":\"WebSite\",\"@id\":\"https:\/\/quartiergreene.ca\/fr\/#website\",\"url\":\"https:\/\/quartiergreene.ca\/fr\/\",\"name\":\"Quartier Greene\",\"description\":\"City style, neighbourhood charm\",\"publisher\":{\"@id\":\"https:\/\/quartiergreene.ca\/fr\/#organization\"},\"potentialAction\":[{\"@type\":\"SearchAction\",\"target\":{\"@type\":\"EntryPoint\",\"urlTemplate\":\"https:\/\/quartiergreene.ca\/fr\/?s={search_term_string}\"},\"query-input\":{\"@type\":\"PropertyValueSpecification\",\"valueRequired\":true,\"valueName\":\"search_term_string\"}}],\"inLanguage\":\"fr-FR\"},{\"@type\":\"Organization\",\"@id\":\"https:\/\/quartiergreene.ca\/fr\/#organization\",\"name\":\"Greene Neighbourhood Merchants\u2019 Association\",\"url\":\"https:\/\/quartiergreene.ca\/fr\/\",\"logo\":{\"@type\":\"ImageObject\",\"inLanguage\":\"fr-FR\",\"@id\":\"https:\/\/quartiergreene.ca\/fr\/#\/schema\/logo\/image\/\",\"url\":\"https:\/\/quartiergreene.ca\/wp-content\/uploads\/2019\/05\/logo-quartier-greene-westmount.svg\",\"contentUrl\":\"https:\/\/quartiergreene.ca\/wp-content\/uploads\/2019\/05\/logo-quartier-greene-westmount.svg\",\"width\":360,\"height\":65,\"caption\":\"Greene Neighbourhood Merchants\u2019 Association\"},\"image\":{\"@id\":\"https:\/\/quartiergreene.ca\/fr\/#\/schema\/logo\/image\/\"},\"sameAs\":[\"https:\/\/www.facebook.com\/Quartier-Greene-201511353217647\/\",\"https:\/\/x.com\/QuartierGreene\"]}]}<\/script>\n<!-- \/ Yoast SEO plugin. -->","yoast_head_json":{"title":"Membres - Quartier Greene","robots":{"index":"index","follow":"follow","max-snippet":"max-snippet:-1","max-image-preview":"max-image-preview:large","max-video-preview":"max-video-preview:-1"},"canonical":"https:\/\/quartiergreene.ca\/fr\/membres\/","og_locale":"fr_FR","og_type":"article","og_title":"Membres - Quartier Greene","og_description":"[vc_row][vc_column][vc_row_inner][vc_column_inner width=\u00a0\u00bb1\/3&Prime;][vc_column_text css=\u00a0\u00bb\u00a0\u00bb]Pour devenir membre, veuillez imprimer et remplir le Formulaire d&rsquo;adh\u00e9sion \u00e0 l&rsquo;association des commer\u00e7ants du Quartier Greene 2025 Merci de payer votre cotisation par ch\u00e8que \u00e0 l\u2019ordre de Greene Neighbourhood Merchants\u2019 Association et de retourner le formulaire rempli, [&hellip;]","og_url":"https:\/\/quartiergreene.ca\/fr\/membres\/","og_site_name":"Quartier Greene","article_publisher":"https:\/\/www.facebook.com\/Quartier-Greene-201511353217647\/","article_modified_time":"2025-02-14T03:29:35+00:00","twitter_card":"summary_large_image","twitter_site":"@QuartierGreene","twitter_misc":{"Dur\u00e9e de lecture estim\u00e9e":"1 minute"},"schema":{"@context":"https:\/\/schema.org","@graph":[{"@type":"WebPage","@id":"https:\/\/quartiergreene.ca\/fr\/membres\/","url":"https:\/\/quartiergreene.ca\/fr\/membres\/","name":"Membres - Quartier Greene","isPartOf":{"@id":"https:\/\/quartiergreene.ca\/fr\/#website"},"primaryImageOfPage":{"@id":"https:\/\/quartiergreene.ca\/fr\/membres\/#primaryimage"},"image":{"@id":"https:\/\/quartiergreene.ca\/fr\/membres\/#primaryimage"},"thumbnailUrl":"https:\/\/quartiergreene.ca\/wp-content\/uploads\/2019\/05\/placeholder-listing.svg","datePublished":"2019-05-03T18:07:04+00:00","dateModified":"2025-02-14T03:29:35+00:00","breadcrumb":{"@id":"https:\/\/quartiergreene.ca\/fr\/membres\/#breadcrumb"},"inLanguage":"fr-FR","potentialAction":[{"@type":"ReadAction","target":["https:\/\/quartiergreene.ca\/fr\/membres\/"]}]},{"@type":"ImageObject","inLanguage":"fr-FR","@id":"https:\/\/quartiergreene.ca\/fr\/membres\/#primaryimage","url":"https:\/\/quartiergreene.ca\/wp-content\/uploads\/2019\/05\/placeholder-listing.svg","contentUrl":"https:\/\/quartiergreene.ca\/wp-content\/uploads\/2019\/05\/placeholder-listing.svg","width":556,"height":372,"caption":"Placeholder"},{"@type":"BreadcrumbList","@id":"https:\/\/quartiergreene.ca\/fr\/membres\/#breadcrumb","itemListElement":[{"@type":"ListItem","position":1,"name":"Home","item":"https:\/\/quartiergreene.ca\/fr\/"},{"@type":"ListItem","position":2,"name":"Membres"}]},{"@type":"WebSite","@id":"https:\/\/quartiergreene.ca\/fr\/#website","url":"https:\/\/quartiergreene.ca\/fr\/","name":"Quartier Greene","description":"City style, neighbourhood charm","publisher":{"@id":"https:\/\/quartiergreene.ca\/fr\/#organization"},"potentialAction":[{"@type":"SearchAction","target":{"@type":"EntryPoint","urlTemplate":"https:\/\/quartiergreene.ca\/fr\/?s={search_term_string}"},"query-input":{"@type":"PropertyValueSpecification","valueRequired":true,"valueName":"search_term_string"}}],"inLanguage":"fr-FR"},{"@type":"Organization","@id":"https:\/\/quartiergreene.ca\/fr\/#organization","name":"Greene Neighbourhood Merchants\u2019 Association","url":"https:\/\/quartiergreene.ca\/fr\/","logo":{"@type":"ImageObject","inLanguage":"fr-FR","@id":"https:\/\/quartiergreene.ca\/fr\/#\/schema\/logo\/image\/","url":"https:\/\/quartiergreene.ca\/wp-content\/uploads\/2019\/05\/logo-quartier-greene-westmount.svg","contentUrl":"https:\/\/quartiergreene.ca\/wp-content\/uploads\/2019\/05\/logo-quartier-greene-westmount.svg","width":360,"height":65,"caption":"Greene Neighbourhood Merchants\u2019 Association"},"image":{"@id":"https:\/\/quartiergreene.ca\/fr\/#\/schema\/logo\/image\/"},"sameAs":["https:\/\/www.facebook.com\/Quartier-Greene-201511353217647\/","https:\/\/x.com\/QuartierGreene"]}]}},"_links":{"self":[{"href":"https:\/\/quartiergreene.ca\/fr\/wp-json\/wp\/v2\/pages\/2816","targetHints":{"allow":["GET"]}}],"collection":[{"href":"https:\/\/quartiergreene.ca\/fr\/wp-json\/wp\/v2\/pages"}],"about":[{"href":"https:\/\/quartiergreene.ca\/fr\/wp-json\/wp\/v2\/types\/page"}],"author":[{"embeddable":true,"href":"https:\/\/quartiergreene.ca\/fr\/wp-json\/wp\/v2\/users\/1"}],"replies":[{"embeddable":true,"href":"https:\/\/quartiergreene.ca\/fr\/wp-json\/wp\/v2\/comments?post=2816"}],"version-history":[{"count":42,"href":"https:\/\/quartiergreene.ca\/fr\/wp-json\/wp\/v2\/pages\/2816\/revisions"}],"predecessor-version":[{"id":5227,"href":"https:\/\/quartiergreene.ca\/fr\/wp-json\/wp\/v2\/pages\/2816\/revisions\/5227"}],"wp:featuredmedia":[{"embeddable":true,"href":"https:\/\/quartiergreene.ca\/fr\/wp-json\/wp\/v2\/media\/3065"}],"wp:attachment":[{"href":"https:\/\/quartiergreene.ca\/fr\/wp-json\/wp\/v2\/media?parent=2816"}],"curies":[{"name":"wp","href":"https:\/\/api.w.org\/{rel}","templated":true}]}}